{"id":14788,"date":"2023-04-27T14:10:07","date_gmt":"2023-04-27T14:10:07","guid":{"rendered":"https:\/\/www.esp.co.uk\/esp-airportnow-webinar-10-5\/"},"modified":"2023-11-30T11:24:17","modified_gmt":"2023-11-30T11:24:17","slug":"esp-airportnow-webinar-10-5","status":"publish","type":"page","link":"https:\/\/www.esp.co.uk\/de\/esp-airportnow-webinar-10-5\/","title":{"rendered":"ESP AirportNow Webinar November 2023"},"content":{"rendered":"","protected":false},"excerpt":{"rendered":"","protected":false},"author":7,"featured_media":0,"parent":0,"menu_order":0,"comment_status":"closed","ping_status":"closed","template":"template-pagebuilder.php","meta":{"_acf_changed":false,"content-type":"","footnotes":""},"acf":[],"yoast_head":"<!-- This site is optimized with the Yoast SEO plugin v22.9 - https:\/\/yoast.com\/wordpress\/plugins\/seo\/ -->\n<title>ESP AirportNow Webinar November 2023 - ESP<\/title>\n<meta name=\"description\" content=\"Nehmen Sie an unserem Webinar teil und erfahren Sie mehr \u00fcber ESP AirportNow, ein komplettes Toolset f\u00fcr das Service-Management in der Wertsch\u00f6pfungskette, das auf die anspruchsvollen Anforderungen von Flughafen-IT-Umgebungen zugeschnitten ist. ESP AirportNow basiert auf der marktf\u00fchrenden ServiceNow ITSM-Plattform und bietet eine umfassende, ma\u00dfgeschneiderte und preisg\u00fcnstige L\u00f6sung, die in jedes bestehende Service Desk oder technische Team integriert werden kann.\" \/>\n<meta name=\"robots\" content=\"noindex, follow, max-snippet:-1, max-image-preview:large, max-video-preview:-1\" \/>\n<meta property=\"og:locale\" content=\"de_DE\" \/>\n<meta property=\"og:type\" content=\"article\" \/>\n<meta property=\"og:title\" content=\"ESP AirportNow Webinar November 2023 - ESP\" \/>\n<meta property=\"og:description\" content=\"Nehmen Sie an unserem Webinar teil und erfahren Sie mehr \u00fcber ESP AirportNow, ein komplettes Toolset f\u00fcr das Service-Management in der Wertsch\u00f6pfungskette, das auf die anspruchsvollen Anforderungen von Flughafen-IT-Umgebungen zugeschnitten ist. ESP AirportNow basiert auf der marktf\u00fchrenden ServiceNow ITSM-Plattform und bietet eine umfassende, ma\u00dfgeschneiderte und preisg\u00fcnstige L\u00f6sung, die in jedes bestehende Service Desk oder technische Team integriert werden kann.\" \/>\n<meta property=\"og:url\" content=\"https:\/\/www.esp.co.uk\/de\/esp-airportnow-webinar-10-5\/\" \/>\n<meta property=\"og:site_name\" content=\"ESP\" \/>\n<meta property=\"article:modified_time\" content=\"2023-11-30T11:24:17+00:00\" \/>\n<meta name=\"twitter:card\" content=\"summary_large_image\" \/>\n<script type=\"application\/ld+json\" class=\"yoast-schema-graph\">{\"@context\":\"https:\/\/schema.org\",\"@graph\":[{\"@type\":\"WebPage\",\"@id\":\"https:\/\/www.esp.co.uk\/de\/esp-airportnow-webinar-10-5\/\",\"url\":\"https:\/\/www.esp.co.uk\/de\/esp-airportnow-webinar-10-5\/\",\"name\":\"ESP AirportNow Webinar November 2023 - ESP\",\"isPartOf\":{\"@id\":\"https:\/\/www.esp.co.uk\/#website\"},\"datePublished\":\"2023-04-27T14:10:07+00:00\",\"dateModified\":\"2023-11-30T11:24:17+00:00\",\"description\":\"Nehmen Sie an unserem Webinar teil und erfahren Sie mehr \u00fcber ESP AirportNow, ein komplettes Toolset f\u00fcr das Service-Management in der Wertsch\u00f6pfungskette, das auf die anspruchsvollen Anforderungen von Flughafen-IT-Umgebungen zugeschnitten ist. ESP AirportNow basiert auf der marktf\u00fchrenden ServiceNow ITSM-Plattform und bietet eine umfassende, ma\u00dfgeschneiderte und preisg\u00fcnstige L\u00f6sung, die in jedes bestehende Service Desk oder technische Team integriert werden kann.\",\"breadcrumb\":{\"@id\":\"https:\/\/www.esp.co.uk\/de\/esp-airportnow-webinar-10-5\/#breadcrumb\"},\"inLanguage\":\"de-DE\",\"potentialAction\":[{\"@type\":\"ReadAction\",\"target\":[\"https:\/\/www.esp.co.uk\/de\/esp-airportnow-webinar-10-5\/\"]}]},{\"@type\":\"BreadcrumbList\",\"@id\":\"https:\/\/www.esp.co.uk\/de\/esp-airportnow-webinar-10-5\/#breadcrumb\",\"itemListElement\":[{\"@type\":\"ListItem\",\"position\":1,\"name\":\"Home\",\"item\":\"https:\/\/www.esp.co.uk\/de\/home-german\/\"},{\"@type\":\"ListItem\",\"position\":2,\"name\":\"ESP AirportNow Webinar November 2023\"}]},{\"@type\":\"WebSite\",\"@id\":\"https:\/\/www.esp.co.uk\/#website\",\"url\":\"https:\/\/www.esp.co.uk\/\",\"name\":\"ESP\",\"description\":\"Global Services\",\"potentialAction\":[{\"@type\":\"SearchAction\",\"target\":{\"@type\":\"EntryPoint\",\"urlTemplate\":\"https:\/\/www.esp.co.uk\/?s={search_term_string}\"},\"query-input\":\"required name=search_term_string\"}],\"inLanguage\":\"de-DE\"}]}<\/script>\n<!-- \/ Yoast SEO plugin. -->","yoast_head_json":{"title":"ESP AirportNow Webinar November 2023 - ESP","description":"Nehmen Sie an unserem Webinar teil und erfahren Sie mehr \u00fcber ESP AirportNow, ein komplettes Toolset f\u00fcr das Service-Management in der Wertsch\u00f6pfungskette, das auf die anspruchsvollen Anforderungen von Flughafen-IT-Umgebungen zugeschnitten ist. ESP AirportNow basiert auf der marktf\u00fchrenden ServiceNow ITSM-Plattform und bietet eine umfassende, ma\u00dfgeschneiderte und preisg\u00fcnstige L\u00f6sung, die in jedes bestehende Service Desk oder technische Team integriert werden kann.","robots":{"index":"noindex","follow":"follow","max-snippet":"max-snippet:-1","max-image-preview":"max-image-preview:large","max-video-preview":"max-video-preview:-1"},"og_locale":"de_DE","og_type":"article","og_title":"ESP AirportNow Webinar November 2023 - ESP","og_description":"Nehmen Sie an unserem Webinar teil und erfahren Sie mehr \u00fcber ESP AirportNow, ein komplettes Toolset f\u00fcr das Service-Management in der Wertsch\u00f6pfungskette, das auf die anspruchsvollen Anforderungen von Flughafen-IT-Umgebungen zugeschnitten ist. ESP AirportNow basiert auf der marktf\u00fchrenden ServiceNow ITSM-Plattform und bietet eine umfassende, ma\u00dfgeschneiderte und preisg\u00fcnstige L\u00f6sung, die in jedes bestehende Service Desk oder technische Team integriert werden kann.","og_url":"https:\/\/www.esp.co.uk\/de\/esp-airportnow-webinar-10-5\/","og_site_name":"ESP","article_modified_time":"2023-11-30T11:24:17+00:00","twitter_card":"summary_large_image","schema":{"@context":"https:\/\/schema.org","@graph":[{"@type":"WebPage","@id":"https:\/\/www.esp.co.uk\/de\/esp-airportnow-webinar-10-5\/","url":"https:\/\/www.esp.co.uk\/de\/esp-airportnow-webinar-10-5\/","name":"ESP AirportNow Webinar November 2023 - ESP","isPartOf":{"@id":"https:\/\/www.esp.co.uk\/#website"},"datePublished":"2023-04-27T14:10:07+00:00","dateModified":"2023-11-30T11:24:17+00:00","description":"Nehmen Sie an unserem Webinar teil und erfahren Sie mehr \u00fcber ESP AirportNow, ein komplettes Toolset f\u00fcr das Service-Management in der Wertsch\u00f6pfungskette, das auf die anspruchsvollen Anforderungen von Flughafen-IT-Umgebungen zugeschnitten ist. ESP AirportNow basiert auf der marktf\u00fchrenden ServiceNow ITSM-Plattform und bietet eine umfassende, ma\u00dfgeschneiderte und preisg\u00fcnstige L\u00f6sung, die in jedes bestehende Service Desk oder technische Team integriert werden kann.","breadcrumb":{"@id":"https:\/\/www.esp.co.uk\/de\/esp-airportnow-webinar-10-5\/#breadcrumb"},"inLanguage":"de-DE","potentialAction":[{"@type":"ReadAction","target":["https:\/\/www.esp.co.uk\/de\/esp-airportnow-webinar-10-5\/"]}]},{"@type":"BreadcrumbList","@id":"https:\/\/www.esp.co.uk\/de\/esp-airportnow-webinar-10-5\/#breadcrumb","itemListElement":[{"@type":"ListItem","position":1,"name":"Home","item":"https:\/\/www.esp.co.uk\/de\/home-german\/"},{"@type":"ListItem","position":2,"name":"ESP AirportNow Webinar November 2023"}]},{"@type":"WebSite","@id":"https:\/\/www.esp.co.uk\/#website","url":"https:\/\/www.esp.co.uk\/","name":"ESP","description":"Global Services","potentialAction":[{"@type":"SearchAction","target":{"@type":"EntryPoint","urlTemplate":"https:\/\/www.esp.co.uk\/?s={search_term_string}"},"query-input":"required name=search_term_string"}],"inLanguage":"de-DE"}]}},"_links":{"self":[{"href":"https:\/\/www.esp.co.uk\/de\/wp-json\/wp\/v2\/pages\/14788"}],"collection":[{"href":"https:\/\/www.esp.co.uk\/de\/wp-json\/wp\/v2\/pages"}],"about":[{"href":"https:\/\/www.esp.co.uk\/de\/wp-json\/wp\/v2\/types\/page"}],"author":[{"embeddable":true,"href":"https:\/\/www.esp.co.uk\/de\/wp-json\/wp\/v2\/users\/7"}],"replies":[{"embeddable":true,"href":"https:\/\/www.esp.co.uk\/de\/wp-json\/wp\/v2\/comments?post=14788"}],"version-history":[{"count":2,"href":"https:\/\/www.esp.co.uk\/de\/wp-json\/wp\/v2\/pages\/14788\/revisions"}],"predecessor-version":[{"id":17080,"href":"https:\/\/www.esp.co.uk\/de\/wp-json\/wp\/v2\/pages\/14788\/revisions\/17080"}],"wp:attachment":[{"href":"https:\/\/www.esp.co.uk\/de\/wp-json\/wp\/v2\/media?parent=14788"}],"curies":[{"name":"wp","href":"https:\/\/api.w.org\/{rel}","templated":true}]}}