{"id":1265,"date":"2022-07-04T13:36:31","date_gmt":"2022-07-04T13:36:31","guid":{"rendered":"https:\/\/www.esp.co.uk\/diferencia-esp\/"},"modified":"2023-06-01T12:47:16","modified_gmt":"2023-06-01T12:47:16","slug":"diferencia-esp","status":"publish","type":"page","link":"https:\/\/www.esp.co.uk\/es\/diferencia-esp\/","title":{"rendered":"Diferencia ESP"},"content":{"rendered":"","protected":false},"excerpt":{"rendered":"","protected":false},"author":1,"featured_media":4399,"parent":0,"menu_order":0,"comment_status":"closed","ping_status":"closed","template":"template-pagebuilder.php","meta":{"_acf_changed":false,"content-type":"","footnotes":""},"acf":[],"yoast_head":"<!-- This site is optimized with the Yoast SEO plugin v22.9 - https:\/\/yoast.com\/wordpress\/plugins\/seo\/ -->\n<title>Diferencia ESP - ESP<\/title>\n<meta name=\"description\" content=\"Servicios globales de asistencia inform\u00e1tica siempre excelentes, con mesas de servicio multiling\u00fces dedicadas las 24 horas del d\u00eda, con la flexibilidad como base.\" \/>\n<meta name=\"robots\" content=\"noindex, follow, max-snippet:-1, max-image-preview:large, max-video-preview:-1\" \/>\n<meta property=\"og:locale\" content=\"es_ES\" \/>\n<meta property=\"og:type\" content=\"article\" \/>\n<meta property=\"og:title\" content=\"Diferencia ESP - ESP\" \/>\n<meta property=\"og:description\" content=\"Servicios globales de asistencia inform\u00e1tica siempre excelentes, con mesas de servicio multiling\u00fces dedicadas las 24 horas del d\u00eda, con la flexibilidad como base.\" \/>\n<meta property=\"og:url\" content=\"https:\/\/www.esp.co.uk\/es\/diferencia-esp\/\" \/>\n<meta property=\"og:site_name\" content=\"ESP\" \/>\n<meta property=\"article:modified_time\" content=\"2023-06-01T12:47:16+00:00\" \/>\n<meta property=\"og:image\" content=\"https:\/\/www.esp.co.uk\/wp-content\/uploads\/2020\/01\/Andy-Wilson-video-poster-1-1.jpg\" \/>\n\t<meta property=\"og:image:width\" content=\"384\" \/>\n\t<meta property=\"og:image:height\" content=\"220\" \/>\n\t<meta property=\"og:image:type\" content=\"image\/jpeg\" \/>\n<meta name=\"twitter:card\" content=\"summary_large_image\" \/>\n<script type=\"application\/ld+json\" class=\"yoast-schema-graph\">{\"@context\":\"https:\/\/schema.org\",\"@graph\":[{\"@type\":\"WebPage\",\"@id\":\"https:\/\/www.esp.co.uk\/es\/diferencia-esp\/\",\"url\":\"https:\/\/www.esp.co.uk\/es\/diferencia-esp\/\",\"name\":\"Diferencia ESP - ESP\",\"isPartOf\":{\"@id\":\"https:\/\/www.esp.co.uk\/#website\"},\"primaryImageOfPage\":{\"@id\":\"https:\/\/www.esp.co.uk\/es\/diferencia-esp\/#primaryimage\"},\"image\":{\"@id\":\"https:\/\/www.esp.co.uk\/es\/diferencia-esp\/#primaryimage\"},\"thumbnailUrl\":\"https:\/\/www.esp.co.uk\/wp-content\/uploads\/2020\/01\/Andy-Wilson-video-poster-1-1.jpg\",\"datePublished\":\"2022-07-04T13:36:31+00:00\",\"dateModified\":\"2023-06-01T12:47:16+00:00\",\"description\":\"Servicios globales de asistencia inform\u00e1tica siempre excelentes, con mesas de servicio multiling\u00fces dedicadas las 24 horas del d\u00eda, con la flexibilidad como base.\",\"breadcrumb\":{\"@id\":\"https:\/\/www.esp.co.uk\/es\/diferencia-esp\/#breadcrumb\"},\"inLanguage\":\"es-ES\",\"potentialAction\":[{\"@type\":\"ReadAction\",\"target\":[\"https:\/\/www.esp.co.uk\/es\/diferencia-esp\/\"]}]},{\"@type\":\"ImageObject\",\"inLanguage\":\"es-ES\",\"@id\":\"https:\/\/www.esp.co.uk\/es\/diferencia-esp\/#primaryimage\",\"url\":\"https:\/\/www.esp.co.uk\/wp-content\/uploads\/2020\/01\/Andy-Wilson-video-poster-1-1.jpg\",\"contentUrl\":\"https:\/\/www.esp.co.uk\/wp-content\/uploads\/2020\/01\/Andy-Wilson-video-poster-1-1.jpg\",\"width\":384,\"height\":220},{\"@type\":\"BreadcrumbList\",\"@id\":\"https:\/\/www.esp.co.uk\/es\/diferencia-esp\/#breadcrumb\",\"itemListElement\":[{\"@type\":\"ListItem\",\"position\":1,\"name\":\"Home\",\"item\":\"https:\/\/www.esp.co.uk\/es\/home-spanish\/\"},{\"@type\":\"ListItem\",\"position\":2,\"name\":\"Diferencia ESP\"}]},{\"@type\":\"WebSite\",\"@id\":\"https:\/\/www.esp.co.uk\/#website\",\"url\":\"https:\/\/www.esp.co.uk\/\",\"name\":\"ESP\",\"description\":\"Global Services\",\"potentialAction\":[{\"@type\":\"SearchAction\",\"target\":{\"@type\":\"EntryPoint\",\"urlTemplate\":\"https:\/\/www.esp.co.uk\/?s={search_term_string}\"},\"query-input\":\"required name=search_term_string\"}],\"inLanguage\":\"es-ES\"}]}<\/script>\n<!-- \/ Yoast SEO plugin. -->","yoast_head_json":{"title":"Diferencia ESP - ESP","description":"Servicios globales de asistencia inform\u00e1tica siempre excelentes, con mesas de servicio multiling\u00fces dedicadas las 24 horas del d\u00eda, con la flexibilidad como base.","robots":{"index":"noindex","follow":"follow","max-snippet":"max-snippet:-1","max-image-preview":"max-image-preview:large","max-video-preview":"max-video-preview:-1"},"og_locale":"es_ES","og_type":"article","og_title":"Diferencia ESP - ESP","og_description":"Servicios globales de asistencia inform\u00e1tica siempre excelentes, con mesas de servicio multiling\u00fces dedicadas las 24 horas del d\u00eda, con la flexibilidad como base.","og_url":"https:\/\/www.esp.co.uk\/es\/diferencia-esp\/","og_site_name":"ESP","article_modified_time":"2023-06-01T12:47:16+00:00","og_image":[{"width":384,"height":220,"url":"https:\/\/www.esp.co.uk\/wp-content\/uploads\/2020\/01\/Andy-Wilson-video-poster-1-1.jpg","type":"image\/jpeg"}],"twitter_card":"summary_large_image","schema":{"@context":"https:\/\/schema.org","@graph":[{"@type":"WebPage","@id":"https:\/\/www.esp.co.uk\/es\/diferencia-esp\/","url":"https:\/\/www.esp.co.uk\/es\/diferencia-esp\/","name":"Diferencia ESP - ESP","isPartOf":{"@id":"https:\/\/www.esp.co.uk\/#website"},"primaryImageOfPage":{"@id":"https:\/\/www.esp.co.uk\/es\/diferencia-esp\/#primaryimage"},"image":{"@id":"https:\/\/www.esp.co.uk\/es\/diferencia-esp\/#primaryimage"},"thumbnailUrl":"https:\/\/www.esp.co.uk\/wp-content\/uploads\/2020\/01\/Andy-Wilson-video-poster-1-1.jpg","datePublished":"2022-07-04T13:36:31+00:00","dateModified":"2023-06-01T12:47:16+00:00","description":"Servicios globales de asistencia inform\u00e1tica siempre excelentes, con mesas de servicio multiling\u00fces dedicadas las 24 horas del d\u00eda, con la flexibilidad como base.","breadcrumb":{"@id":"https:\/\/www.esp.co.uk\/es\/diferencia-esp\/#breadcrumb"},"inLanguage":"es-ES","potentialAction":[{"@type":"ReadAction","target":["https:\/\/www.esp.co.uk\/es\/diferencia-esp\/"]}]},{"@type":"ImageObject","inLanguage":"es-ES","@id":"https:\/\/www.esp.co.uk\/es\/diferencia-esp\/#primaryimage","url":"https:\/\/www.esp.co.uk\/wp-content\/uploads\/2020\/01\/Andy-Wilson-video-poster-1-1.jpg","contentUrl":"https:\/\/www.esp.co.uk\/wp-content\/uploads\/2020\/01\/Andy-Wilson-video-poster-1-1.jpg","width":384,"height":220},{"@type":"BreadcrumbList","@id":"https:\/\/www.esp.co.uk\/es\/diferencia-esp\/#breadcrumb","itemListElement":[{"@type":"ListItem","position":1,"name":"Home","item":"https:\/\/www.esp.co.uk\/es\/home-spanish\/"},{"@type":"ListItem","position":2,"name":"Diferencia ESP"}]},{"@type":"WebSite","@id":"https:\/\/www.esp.co.uk\/#website","url":"https:\/\/www.esp.co.uk\/","name":"ESP","description":"Global Services","potentialAction":[{"@type":"SearchAction","target":{"@type":"EntryPoint","urlTemplate":"https:\/\/www.esp.co.uk\/?s={search_term_string}"},"query-input":"required name=search_term_string"}],"inLanguage":"es-ES"}]}},"_links":{"self":[{"href":"https:\/\/www.esp.co.uk\/es\/wp-json\/wp\/v2\/pages\/1265"}],"collection":[{"href":"https:\/\/www.esp.co.uk\/es\/wp-json\/wp\/v2\/pages"}],"about":[{"href":"https:\/\/www.esp.co.uk\/es\/wp-json\/wp\/v2\/types\/page"}],"author":[{"embeddable":true,"href":"https:\/\/www.esp.co.uk\/es\/wp-json\/wp\/v2\/users\/1"}],"replies":[{"embeddable":true,"href":"https:\/\/www.esp.co.uk\/es\/wp-json\/wp\/v2\/comments?post=1265"}],"version-history":[{"count":1,"href":"https:\/\/www.esp.co.uk\/es\/wp-json\/wp\/v2\/pages\/1265\/revisions"}],"predecessor-version":[{"id":14809,"href":"https:\/\/www.esp.co.uk\/es\/wp-json\/wp\/v2\/pages\/1265\/revisions\/14809"}],"wp:featuredmedia":[{"embeddable":true,"href":"https:\/\/www.esp.co.uk\/es\/wp-json\/wp\/v2\/media\/4399"}],"wp:attachment":[{"href":"https:\/\/www.esp.co.uk\/es\/wp-json\/wp\/v2\/media?parent=1265"}],"curies":[{"name":"wp","href":"https:\/\/api.w.org\/{rel}","templated":true}]}}