{"id":1283,"date":"2022-07-27T10:51:01","date_gmt":"2022-07-27T10:51:01","guid":{"rendered":"https:\/\/www.esp.co.uk\/gestion-del-ciclo-de-vida\/"},"modified":"2023-06-01T12:46:37","modified_gmt":"2023-06-01T12:46:37","slug":"gestion-del-ciclo-de-vida","status":"publish","type":"page","link":"https:\/\/www.esp.co.uk\/es\/gestion-del-ciclo-de-vida\/","title":{"rendered":"Gesti\u00f3n del ciclo de vida"},"content":{"rendered":"","protected":false},"excerpt":{"rendered":"","protected":false},"author":7,"featured_media":4399,"parent":0,"menu_order":0,"comment_status":"closed","ping_status":"closed","template":"template-servicedesk.php","meta":{"_acf_changed":false,"content-type":"","footnotes":""},"acf":[],"yoast_head":"<!-- This site is optimized with the Yoast SEO plugin v22.9 - https:\/\/yoast.com\/wordpress\/plugins\/seo\/ -->\n<title>Gesti\u00f3n del ciclo de vida - ESP<\/title>\n<meta name=\"description\" content=\"Gesti\u00f3n del ciclo de vida del hardware, desde la adquisici\u00f3n, los repuestos, las reparaciones y la log\u00edstica, las actualizaciones y los proyectos de renovaci\u00f3n, hasta la recomercializaci\u00f3n y la eliminaci\u00f3n.\" \/>\n<meta name=\"robots\" content=\"noindex, follow, max-snippet:-1, max-image-preview:large, max-video-preview:-1\" \/>\n<meta property=\"og:locale\" content=\"es_ES\" \/>\n<meta property=\"og:type\" content=\"article\" \/>\n<meta property=\"og:title\" content=\"Gesti\u00f3n del ciclo de vida - ESP\" \/>\n<meta property=\"og:description\" content=\"Gesti\u00f3n del ciclo de vida del hardware, desde la adquisici\u00f3n, los repuestos, las reparaciones y la log\u00edstica, las actualizaciones y los proyectos de renovaci\u00f3n, hasta la recomercializaci\u00f3n y la eliminaci\u00f3n.\" \/>\n<meta property=\"og:url\" content=\"https:\/\/www.esp.co.uk\/es\/gestion-del-ciclo-de-vida\/\" \/>\n<meta property=\"og:site_name\" content=\"ESP\" \/>\n<meta property=\"article:modified_time\" content=\"2023-06-01T12:46:37+00:00\" \/>\n<meta property=\"og:image\" content=\"https:\/\/www.esp.co.uk\/wp-content\/uploads\/2020\/01\/Andy-Wilson-video-poster-1-1.jpg\" \/>\n\t<meta property=\"og:image:width\" content=\"384\" \/>\n\t<meta property=\"og:image:height\" content=\"220\" \/>\n\t<meta property=\"og:image:type\" content=\"image\/jpeg\" \/>\n<meta name=\"twitter:card\" content=\"summary_large_image\" \/>\n<script type=\"application\/ld+json\" class=\"yoast-schema-graph\">{\"@context\":\"https:\/\/schema.org\",\"@graph\":[{\"@type\":\"WebPage\",\"@id\":\"https:\/\/www.esp.co.uk\/es\/gestion-del-ciclo-de-vida\/\",\"url\":\"https:\/\/www.esp.co.uk\/es\/gestion-del-ciclo-de-vida\/\",\"name\":\"Gesti\u00f3n del ciclo de vida - ESP\",\"isPartOf\":{\"@id\":\"https:\/\/www.esp.co.uk\/#website\"},\"primaryImageOfPage\":{\"@id\":\"https:\/\/www.esp.co.uk\/es\/gestion-del-ciclo-de-vida\/#primaryimage\"},\"image\":{\"@id\":\"https:\/\/www.esp.co.uk\/es\/gestion-del-ciclo-de-vida\/#primaryimage\"},\"thumbnailUrl\":\"https:\/\/www.esp.co.uk\/wp-content\/uploads\/2020\/01\/Andy-Wilson-video-poster-1-1.jpg\",\"datePublished\":\"2022-07-27T10:51:01+00:00\",\"dateModified\":\"2023-06-01T12:46:37+00:00\",\"description\":\"Gesti\u00f3n del ciclo de vida del hardware, desde la adquisici\u00f3n, los repuestos, las reparaciones y la log\u00edstica, las actualizaciones y los proyectos de renovaci\u00f3n, hasta la recomercializaci\u00f3n y la eliminaci\u00f3n.\",\"breadcrumb\":{\"@id\":\"https:\/\/www.esp.co.uk\/es\/gestion-del-ciclo-de-vida\/#breadcrumb\"},\"inLanguage\":\"es-ES\",\"potentialAction\":[{\"@type\":\"ReadAction\",\"target\":[\"https:\/\/www.esp.co.uk\/es\/gestion-del-ciclo-de-vida\/\"]}]},{\"@type\":\"ImageObject\",\"inLanguage\":\"es-ES\",\"@id\":\"https:\/\/www.esp.co.uk\/es\/gestion-del-ciclo-de-vida\/#primaryimage\",\"url\":\"https:\/\/www.esp.co.uk\/wp-content\/uploads\/2020\/01\/Andy-Wilson-video-poster-1-1.jpg\",\"contentUrl\":\"https:\/\/www.esp.co.uk\/wp-content\/uploads\/2020\/01\/Andy-Wilson-video-poster-1-1.jpg\",\"width\":384,\"height\":220},{\"@type\":\"BreadcrumbList\",\"@id\":\"https:\/\/www.esp.co.uk\/es\/gestion-del-ciclo-de-vida\/#breadcrumb\",\"itemListElement\":[{\"@type\":\"ListItem\",\"position\":1,\"name\":\"Home\",\"item\":\"https:\/\/www.esp.co.uk\/es\/home-spanish\/\"},{\"@type\":\"ListItem\",\"position\":2,\"name\":\"Gesti\u00f3n del ciclo de vida\"}]},{\"@type\":\"WebSite\",\"@id\":\"https:\/\/www.esp.co.uk\/#website\",\"url\":\"https:\/\/www.esp.co.uk\/\",\"name\":\"ESP\",\"description\":\"Global Services\",\"potentialAction\":[{\"@type\":\"SearchAction\",\"target\":{\"@type\":\"EntryPoint\",\"urlTemplate\":\"https:\/\/www.esp.co.uk\/?s={search_term_string}\"},\"query-input\":\"required name=search_term_string\"}],\"inLanguage\":\"es-ES\"}]}<\/script>\n<!-- \/ Yoast SEO plugin. -->","yoast_head_json":{"title":"Gesti\u00f3n del ciclo de vida - ESP","description":"Gesti\u00f3n del ciclo de vida del hardware, desde la adquisici\u00f3n, los repuestos, las reparaciones y la log\u00edstica, las actualizaciones y los proyectos de renovaci\u00f3n, hasta la recomercializaci\u00f3n y la eliminaci\u00f3n.","robots":{"index":"noindex","follow":"follow","max-snippet":"max-snippet:-1","max-image-preview":"max-image-preview:large","max-video-preview":"max-video-preview:-1"},"og_locale":"es_ES","og_type":"article","og_title":"Gesti\u00f3n del ciclo de vida - ESP","og_description":"Gesti\u00f3n del ciclo de vida del hardware, desde la adquisici\u00f3n, los repuestos, las reparaciones y la log\u00edstica, las actualizaciones y los proyectos de renovaci\u00f3n, hasta la recomercializaci\u00f3n y la eliminaci\u00f3n.","og_url":"https:\/\/www.esp.co.uk\/es\/gestion-del-ciclo-de-vida\/","og_site_name":"ESP","article_modified_time":"2023-06-01T12:46:37+00:00","og_image":[{"width":384,"height":220,"url":"https:\/\/www.esp.co.uk\/wp-content\/uploads\/2020\/01\/Andy-Wilson-video-poster-1-1.jpg","type":"image\/jpeg"}],"twitter_card":"summary_large_image","schema":{"@context":"https:\/\/schema.org","@graph":[{"@type":"WebPage","@id":"https:\/\/www.esp.co.uk\/es\/gestion-del-ciclo-de-vida\/","url":"https:\/\/www.esp.co.uk\/es\/gestion-del-ciclo-de-vida\/","name":"Gesti\u00f3n del ciclo de vida - ESP","isPartOf":{"@id":"https:\/\/www.esp.co.uk\/#website"},"primaryImageOfPage":{"@id":"https:\/\/www.esp.co.uk\/es\/gestion-del-ciclo-de-vida\/#primaryimage"},"image":{"@id":"https:\/\/www.esp.co.uk\/es\/gestion-del-ciclo-de-vida\/#primaryimage"},"thumbnailUrl":"https:\/\/www.esp.co.uk\/wp-content\/uploads\/2020\/01\/Andy-Wilson-video-poster-1-1.jpg","datePublished":"2022-07-27T10:51:01+00:00","dateModified":"2023-06-01T12:46:37+00:00","description":"Gesti\u00f3n del ciclo de vida del hardware, desde la adquisici\u00f3n, los repuestos, las reparaciones y la log\u00edstica, las actualizaciones y los proyectos de renovaci\u00f3n, hasta la recomercializaci\u00f3n y la eliminaci\u00f3n.","breadcrumb":{"@id":"https:\/\/www.esp.co.uk\/es\/gestion-del-ciclo-de-vida\/#breadcrumb"},"inLanguage":"es-ES","potentialAction":[{"@type":"ReadAction","target":["https:\/\/www.esp.co.uk\/es\/gestion-del-ciclo-de-vida\/"]}]},{"@type":"ImageObject","inLanguage":"es-ES","@id":"https:\/\/www.esp.co.uk\/es\/gestion-del-ciclo-de-vida\/#primaryimage","url":"https:\/\/www.esp.co.uk\/wp-content\/uploads\/2020\/01\/Andy-Wilson-video-poster-1-1.jpg","contentUrl":"https:\/\/www.esp.co.uk\/wp-content\/uploads\/2020\/01\/Andy-Wilson-video-poster-1-1.jpg","width":384,"height":220},{"@type":"BreadcrumbList","@id":"https:\/\/www.esp.co.uk\/es\/gestion-del-ciclo-de-vida\/#breadcrumb","itemListElement":[{"@type":"ListItem","position":1,"name":"Home","item":"https:\/\/www.esp.co.uk\/es\/home-spanish\/"},{"@type":"ListItem","position":2,"name":"Gesti\u00f3n del ciclo de vida"}]},{"@type":"WebSite","@id":"https:\/\/www.esp.co.uk\/#website","url":"https:\/\/www.esp.co.uk\/","name":"ESP","description":"Global Services","potentialAction":[{"@type":"SearchAction","target":{"@type":"EntryPoint","urlTemplate":"https:\/\/www.esp.co.uk\/?s={search_term_string}"},"query-input":"required name=search_term_string"}],"inLanguage":"es-ES"}]}},"_links":{"self":[{"href":"https:\/\/www.esp.co.uk\/es\/wp-json\/wp\/v2\/pages\/1283"}],"collection":[{"href":"https:\/\/www.esp.co.uk\/es\/wp-json\/wp\/v2\/pages"}],"about":[{"href":"https:\/\/www.esp.co.uk\/es\/wp-json\/wp\/v2\/types\/page"}],"author":[{"embeddable":true,"href":"https:\/\/www.esp.co.uk\/es\/wp-json\/wp\/v2\/users\/7"}],"replies":[{"embeddable":true,"href":"https:\/\/www.esp.co.uk\/es\/wp-json\/wp\/v2\/comments?post=1283"}],"version-history":[{"count":1,"href":"https:\/\/www.esp.co.uk\/es\/wp-json\/wp\/v2\/pages\/1283\/revisions"}],"predecessor-version":[{"id":14779,"href":"https:\/\/www.esp.co.uk\/es\/wp-json\/wp\/v2\/pages\/1283\/revisions\/14779"}],"wp:featuredmedia":[{"embeddable":true,"href":"https:\/\/www.esp.co.uk\/es\/wp-json\/wp\/v2\/media\/4399"}],"wp:attachment":[{"href":"https:\/\/www.esp.co.uk\/es\/wp-json\/wp\/v2\/media?parent=1283"}],"curies":[{"name":"wp","href":"https:\/\/api.w.org\/{rel}","templated":true}]}}