{"id":14758,"date":"2023-04-27T14:10:07","date_gmt":"2023-04-27T14:10:07","guid":{"rendered":"https:\/\/www.esp.co.uk\/esp-seminario-web-airportnow-10-5\/"},"modified":"2023-11-30T11:24:17","modified_gmt":"2023-11-30T11:24:17","slug":"esp-seminario-web-airportnow-10-5","status":"publish","type":"page","link":"https:\/\/www.esp.co.uk\/es\/esp-seminario-web-airportnow-10-5\/","title":{"rendered":"ESP AirportNow Webinar noviembre 2023"},"content":{"rendered":"","protected":false},"excerpt":{"rendered":"","protected":false},"author":7,"featured_media":0,"parent":0,"menu_order":0,"comment_status":"closed","ping_status":"closed","template":"template-pagebuilder.php","meta":{"_acf_changed":false,"content-type":"","footnotes":""},"acf":[],"yoast_head":"<!-- This site is optimized with the Yoast SEO plugin v22.9 - https:\/\/yoast.com\/wordpress\/plugins\/seo\/ -->\n<title>ESP AirportNow Webinar noviembre 2023 - ESP<\/title>\n<meta name=\"description\" content=\"Participe en nuestro seminario web para obtener m\u00e1s informaci\u00f3n sobre ESP AirportNow, un completo conjunto de herramientas de gesti\u00f3n de servicios de la cadena de valor adaptado a las exigentes necesidades de los entornos de TI de los aeropuertos. Construido sobre la plataforma l\u00edder del mercado ServiceNow ITSM, ESP AirportNow ofrece una soluci\u00f3n completa, personalizada y a un precio competitivo que se puede integrar en cualquier servicio de atenci\u00f3n al cliente o equipo t\u00e9cnico existente.\" \/>\n<meta name=\"robots\" content=\"noindex, follow, max-snippet:-1, max-image-preview:large, max-video-preview:-1\" \/>\n<meta property=\"og:locale\" content=\"es_ES\" \/>\n<meta property=\"og:type\" content=\"article\" \/>\n<meta property=\"og:title\" content=\"ESP AirportNow Webinar noviembre 2023 - ESP\" \/>\n<meta property=\"og:description\" content=\"Participe en nuestro seminario web para obtener m\u00e1s informaci\u00f3n sobre ESP AirportNow, un completo conjunto de herramientas de gesti\u00f3n de servicios de la cadena de valor adaptado a las exigentes necesidades de los entornos de TI de los aeropuertos. Construido sobre la plataforma l\u00edder del mercado ServiceNow ITSM, ESP AirportNow ofrece una soluci\u00f3n completa, personalizada y a un precio competitivo que se puede integrar en cualquier servicio de atenci\u00f3n al cliente o equipo t\u00e9cnico existente.\" \/>\n<meta property=\"og:url\" content=\"https:\/\/www.esp.co.uk\/es\/esp-seminario-web-airportnow-10-5\/\" \/>\n<meta property=\"og:site_name\" content=\"ESP\" \/>\n<meta property=\"article:modified_time\" content=\"2023-11-30T11:24:17+00:00\" \/>\n<meta name=\"twitter:card\" content=\"summary_large_image\" \/>\n<script type=\"application\/ld+json\" class=\"yoast-schema-graph\">{\"@context\":\"https:\/\/schema.org\",\"@graph\":[{\"@type\":\"WebPage\",\"@id\":\"https:\/\/www.esp.co.uk\/es\/esp-seminario-web-airportnow-10-5\/\",\"url\":\"https:\/\/www.esp.co.uk\/es\/esp-seminario-web-airportnow-10-5\/\",\"name\":\"ESP AirportNow Webinar noviembre 2023 - ESP\",\"isPartOf\":{\"@id\":\"https:\/\/www.esp.co.uk\/#website\"},\"datePublished\":\"2023-04-27T14:10:07+00:00\",\"dateModified\":\"2023-11-30T11:24:17+00:00\",\"description\":\"Participe en nuestro seminario web para obtener m\u00e1s informaci\u00f3n sobre ESP AirportNow, un completo conjunto de herramientas de gesti\u00f3n de servicios de la cadena de valor adaptado a las exigentes necesidades de los entornos de TI de los aeropuertos. Construido sobre la plataforma l\u00edder del mercado ServiceNow ITSM, ESP AirportNow ofrece una soluci\u00f3n completa, personalizada y a un precio competitivo que se puede integrar en cualquier servicio de atenci\u00f3n al cliente o equipo t\u00e9cnico existente.\",\"breadcrumb\":{\"@id\":\"https:\/\/www.esp.co.uk\/es\/esp-seminario-web-airportnow-10-5\/#breadcrumb\"},\"inLanguage\":\"es-ES\",\"potentialAction\":[{\"@type\":\"ReadAction\",\"target\":[\"https:\/\/www.esp.co.uk\/es\/esp-seminario-web-airportnow-10-5\/\"]}]},{\"@type\":\"BreadcrumbList\",\"@id\":\"https:\/\/www.esp.co.uk\/es\/esp-seminario-web-airportnow-10-5\/#breadcrumb\",\"itemListElement\":[{\"@type\":\"ListItem\",\"position\":1,\"name\":\"Home\",\"item\":\"https:\/\/www.esp.co.uk\/es\/home-spanish\/\"},{\"@type\":\"ListItem\",\"position\":2,\"name\":\"ESP AirportNow Webinar noviembre 2023\"}]},{\"@type\":\"WebSite\",\"@id\":\"https:\/\/www.esp.co.uk\/#website\",\"url\":\"https:\/\/www.esp.co.uk\/\",\"name\":\"ESP\",\"description\":\"Global Services\",\"potentialAction\":[{\"@type\":\"SearchAction\",\"target\":{\"@type\":\"EntryPoint\",\"urlTemplate\":\"https:\/\/www.esp.co.uk\/?s={search_term_string}\"},\"query-input\":\"required name=search_term_string\"}],\"inLanguage\":\"es-ES\"}]}<\/script>\n<!-- \/ Yoast SEO plugin. -->","yoast_head_json":{"title":"ESP AirportNow Webinar noviembre 2023 - ESP","description":"Participe en nuestro seminario web para obtener m\u00e1s informaci\u00f3n sobre ESP AirportNow, un completo conjunto de herramientas de gesti\u00f3n de servicios de la cadena de valor adaptado a las exigentes necesidades de los entornos de TI de los aeropuertos. Construido sobre la plataforma l\u00edder del mercado ServiceNow ITSM, ESP AirportNow ofrece una soluci\u00f3n completa, personalizada y a un precio competitivo que se puede integrar en cualquier servicio de atenci\u00f3n al cliente o equipo t\u00e9cnico existente.","robots":{"index":"noindex","follow":"follow","max-snippet":"max-snippet:-1","max-image-preview":"max-image-preview:large","max-video-preview":"max-video-preview:-1"},"og_locale":"es_ES","og_type":"article","og_title":"ESP AirportNow Webinar noviembre 2023 - ESP","og_description":"Participe en nuestro seminario web para obtener m\u00e1s informaci\u00f3n sobre ESP AirportNow, un completo conjunto de herramientas de gesti\u00f3n de servicios de la cadena de valor adaptado a las exigentes necesidades de los entornos de TI de los aeropuertos. Construido sobre la plataforma l\u00edder del mercado ServiceNow ITSM, ESP AirportNow ofrece una soluci\u00f3n completa, personalizada y a un precio competitivo que se puede integrar en cualquier servicio de atenci\u00f3n al cliente o equipo t\u00e9cnico existente.","og_url":"https:\/\/www.esp.co.uk\/es\/esp-seminario-web-airportnow-10-5\/","og_site_name":"ESP","article_modified_time":"2023-11-30T11:24:17+00:00","twitter_card":"summary_large_image","schema":{"@context":"https:\/\/schema.org","@graph":[{"@type":"WebPage","@id":"https:\/\/www.esp.co.uk\/es\/esp-seminario-web-airportnow-10-5\/","url":"https:\/\/www.esp.co.uk\/es\/esp-seminario-web-airportnow-10-5\/","name":"ESP AirportNow Webinar noviembre 2023 - ESP","isPartOf":{"@id":"https:\/\/www.esp.co.uk\/#website"},"datePublished":"2023-04-27T14:10:07+00:00","dateModified":"2023-11-30T11:24:17+00:00","description":"Participe en nuestro seminario web para obtener m\u00e1s informaci\u00f3n sobre ESP AirportNow, un completo conjunto de herramientas de gesti\u00f3n de servicios de la cadena de valor adaptado a las exigentes necesidades de los entornos de TI de los aeropuertos. Construido sobre la plataforma l\u00edder del mercado ServiceNow ITSM, ESP AirportNow ofrece una soluci\u00f3n completa, personalizada y a un precio competitivo que se puede integrar en cualquier servicio de atenci\u00f3n al cliente o equipo t\u00e9cnico existente.","breadcrumb":{"@id":"https:\/\/www.esp.co.uk\/es\/esp-seminario-web-airportnow-10-5\/#breadcrumb"},"inLanguage":"es-ES","potentialAction":[{"@type":"ReadAction","target":["https:\/\/www.esp.co.uk\/es\/esp-seminario-web-airportnow-10-5\/"]}]},{"@type":"BreadcrumbList","@id":"https:\/\/www.esp.co.uk\/es\/esp-seminario-web-airportnow-10-5\/#breadcrumb","itemListElement":[{"@type":"ListItem","position":1,"name":"Home","item":"https:\/\/www.esp.co.uk\/es\/home-spanish\/"},{"@type":"ListItem","position":2,"name":"ESP AirportNow Webinar noviembre 2023"}]},{"@type":"WebSite","@id":"https:\/\/www.esp.co.uk\/#website","url":"https:\/\/www.esp.co.uk\/","name":"ESP","description":"Global Services","potentialAction":[{"@type":"SearchAction","target":{"@type":"EntryPoint","urlTemplate":"https:\/\/www.esp.co.uk\/?s={search_term_string}"},"query-input":"required name=search_term_string"}],"inLanguage":"es-ES"}]}},"_links":{"self":[{"href":"https:\/\/www.esp.co.uk\/es\/wp-json\/wp\/v2\/pages\/14758"}],"collection":[{"href":"https:\/\/www.esp.co.uk\/es\/wp-json\/wp\/v2\/pages"}],"about":[{"href":"https:\/\/www.esp.co.uk\/es\/wp-json\/wp\/v2\/types\/page"}],"author":[{"embeddable":true,"href":"https:\/\/www.esp.co.uk\/es\/wp-json\/wp\/v2\/users\/7"}],"replies":[{"embeddable":true,"href":"https:\/\/www.esp.co.uk\/es\/wp-json\/wp\/v2\/comments?post=14758"}],"version-history":[{"count":2,"href":"https:\/\/www.esp.co.uk\/es\/wp-json\/wp\/v2\/pages\/14758\/revisions"}],"predecessor-version":[{"id":17084,"href":"https:\/\/www.esp.co.uk\/es\/wp-json\/wp\/v2\/pages\/14758\/revisions\/17084"}],"wp:attachment":[{"href":"https:\/\/www.esp.co.uk\/es\/wp-json\/wp\/v2\/media?parent=14758"}],"curies":[{"name":"wp","href":"https:\/\/api.w.org\/{rel}","templated":true}]}}